{"id":913,"date":"2020-03-06T23:13:42","date_gmt":"2020-03-06T23:13:42","guid":{"rendered":"http:\/\/eddybriskyshow-com.stackstaging.com\/?page_id=913"},"modified":"2020-10-02T00:06:00","modified_gmt":"2020-10-01T23:06:00","slug":"biographie-fr-2","status":"publish","type":"page","link":"https:\/\/eddybriskyshow.com\/it\/biographie-fr-2\/","title":{"rendered":"Biographie FR"},"content":{"rendered":"\t\t<div data-elementor-type=\"wp-page\" data-elementor-id=\"913\" class=\"elementor elementor-913\" data-elementor-post-type=\"page\">\n\t\t\t\t\t\t<section class=\"elementor-section elementor-top-section elementor-element elementor-element-b8d13a8 elementor-section-full_width elementor-section-height-default elementor-section-height-default\" data-id=\"b8d13a8\" data-element_type=\"section\" data-e-type=\"section\" data-settings=\"{&quot;background_background&quot;:&quot;classic&quot;}\">\n\t\t\t\t\t\t<div class=\"elementor-container elementor-column-gap-default\">\n\t\t\t\t\t<div class=\"elementor-column elementor-col-100 elementor-top-column elementor-element elementor-element-2962093\" data-id=\"2962093\" data-element_type=\"column\" data-e-type=\"column\" data-settings=\"{&quot;background_background&quot;:&quot;classic&quot;}\">\n\t\t\t<div class=\"elementor-widget-wrap elementor-element-populated\">\n\t\t\t\t\t\t<div class=\"elementor-element elementor-element-19e7591 elementor-widget elementor-widget-spacer\" data-id=\"19e7591\" data-element_type=\"widget\" data-e-type=\"widget\" data-widget_type=\"spacer.default\">\n\t\t\t\t<div class=\"elementor-widget-container\">\n\t\t\t\t\t\t\t<div class=\"elementor-spacer\">\n\t\t\t<div class=\"elementor-spacer-inner\"><\/div>\n\t\t<\/div>\n\t\t\t\t\t\t<\/div>\n\t\t\t\t<\/div>\n\t\t\t\t\t<\/div>\n\t\t<\/div>\n\t\t\t\t\t<\/div>\n\t\t<\/section>\n\t\t\t\t<section class=\"elementor-section elementor-top-section elementor-element elementor-element-be831a2 elementor-section-stretched elementor-section-boxed elementor-section-height-default elementor-section-height-default\" data-id=\"be831a2\" data-element_type=\"section\" data-e-type=\"section\" data-settings=\"{&quot;background_background&quot;:&quot;classic&quot;,&quot;stretch_section&quot;:&quot;section-stretched&quot;}\">\n\t\t\t\t\t\t<div class=\"elementor-container elementor-column-gap-default\">\n\t\t\t\t\t<div class=\"elementor-column elementor-col-100 elementor-top-column elementor-element elementor-element-24dcad0\" data-id=\"24dcad0\" data-element_type=\"column\" data-e-type=\"column\" data-settings=\"{&quot;background_background&quot;:&quot;classic&quot;}\">\n\t\t\t<div class=\"elementor-widget-wrap elementor-element-populated\">\n\t\t\t\t\t\t<div class=\"elementor-element elementor-element-c1c42cb elementor-widget elementor-widget-heading\" data-id=\"c1c42cb\" data-element_type=\"widget\" data-e-type=\"widget\" data-widget_type=\"heading.default\">\n\t\t\t\t<div class=\"elementor-widget-container\">\n\t\t\t\t\t<h1 class=\"elementor-heading-title elementor-size-xxl\">Biographie<\/h1>\t\t\t\t<\/div>\n\t\t\t\t<\/div>\n\t\t\t\t<section class=\"elementor-section elementor-inner-section elementor-element elementor-element-cd380bf elementor-section-boxed elementor-section-height-default elementor-section-height-default\" data-id=\"cd380bf\" data-element_type=\"section\" data-e-type=\"section\">\n\t\t\t\t\t\t<div class=\"elementor-container elementor-column-gap-default\">\n\t\t\t\t\t<div class=\"elementor-column elementor-col-33 elementor-inner-column elementor-element elementor-element-217f35e\" data-id=\"217f35e\" data-element_type=\"column\" data-e-type=\"column\">\n\t\t\t<div class=\"elementor-widget-wrap\">\n\t\t\t\t\t\t\t<\/div>\n\t\t<\/div>\n\t\t\t\t<div class=\"elementor-column elementor-col-33 elementor-inner-column elementor-element elementor-element-b1c62eb\" data-id=\"b1c62eb\" data-element_type=\"column\" data-e-type=\"column\">\n\t\t\t<div class=\"elementor-widget-wrap elementor-element-populated\">\n\t\t\t\t\t\t<div class=\"elementor-element elementor-element-3610eee elementor-widget elementor-widget-image\" data-id=\"3610eee\" data-element_type=\"widget\" data-e-type=\"widget\" data-widget_type=\"image.default\">\n\t\t\t\t<div class=\"elementor-widget-container\">\n\t\t\t\t\t\t\t\t\t\t\t\t\t\t\t<img fetchpriority=\"high\" decoding=\"async\" width=\"476\" height=\"385\" src=\"https:\/\/eddybriskyshow.com\/wp-content\/uploads\/2020\/06\/2-BQ_Eddy-Gala.gif\" class=\"attachment-medium_large size-medium_large wp-image-4780\" alt=\"\" \/>\t\t\t\t\t\t\t\t\t\t\t\t\t\t\t<\/div>\n\t\t\t\t<\/div>\n\t\t\t\t\t<\/div>\n\t\t<\/div>\n\t\t\t\t<div class=\"elementor-column elementor-col-33 elementor-inner-column elementor-element elementor-element-51d4d1e\" data-id=\"51d4d1e\" data-element_type=\"column\" data-e-type=\"column\">\n\t\t\t<div class=\"elementor-widget-wrap\">\n\t\t\t\t\t\t\t<\/div>\n\t\t<\/div>\n\t\t\t\t\t<\/div>\n\t\t<\/section>\n\t\t\t\t<div class=\"elementor-element elementor-element-2d8ebcd elementor-widget elementor-widget-spacer\" data-id=\"2d8ebcd\" data-element_type=\"widget\" data-e-type=\"widget\" data-widget_type=\"spacer.default\">\n\t\t\t\t<div class=\"elementor-widget-container\">\n\t\t\t\t\t\t\t<div class=\"elementor-spacer\">\n\t\t\t<div class=\"elementor-spacer-inner\"><\/div>\n\t\t<\/div>\n\t\t\t\t\t\t<\/div>\n\t\t\t\t<\/div>\n\t\t\t\t<section class=\"elementor-section elementor-inner-section elementor-element elementor-element-052de1c elementor-section-boxed elementor-section-height-default elementor-section-height-default\" data-id=\"052de1c\" data-element_type=\"section\" data-e-type=\"section\">\n\t\t\t\t\t\t<div class=\"elementor-container elementor-column-gap-default\">\n\t\t\t\t\t<div class=\"elementor-column elementor-col-33 elementor-inner-column elementor-element elementor-element-3e60d7f\" data-id=\"3e60d7f\" data-element_type=\"column\" data-e-type=\"column\">\n\t\t\t<div class=\"elementor-widget-wrap elementor-element-populated\">\n\t\t\t\t\t\t<div class=\"elementor-element elementor-element-951dfe2 elementor-widget elementor-widget-image\" data-id=\"951dfe2\" data-element_type=\"widget\" data-e-type=\"widget\" data-widget_type=\"image.default\">\n\t\t\t\t<div class=\"elementor-widget-container\">\n\t\t\t\t\t\t\t\t\t\t\t\t\t\t\t<img decoding=\"async\" width=\"59\" height=\"59\" src=\"https:\/\/eddybriskyshow.com\/wp-content\/uploads\/2020\/02\/geo085.gif\" class=\"attachment-thumbnail size-thumbnail wp-image-129\" alt=\"\" \/>\t\t\t\t\t\t\t\t\t\t\t\t\t\t\t<\/div>\n\t\t\t\t<\/div>\n\t\t\t\t\t<\/div>\n\t\t<\/div>\n\t\t\t\t<div class=\"elementor-column elementor-col-33 elementor-inner-column elementor-element elementor-element-1932fc4\" data-id=\"1932fc4\" data-element_type=\"column\" data-e-type=\"column\">\n\t\t\t<div class=\"elementor-widget-wrap elementor-element-populated\">\n\t\t\t\t\t\t<div class=\"elementor-element elementor-element-be269e1 elementor-widget elementor-widget-heading\" data-id=\"be269e1\" data-element_type=\"widget\" data-e-type=\"widget\" data-widget_type=\"heading.default\">\n\t\t\t\t<div class=\"elementor-widget-container\">\n\t\t\t\t\t<h2 class=\"elementor-heading-title elementor-size-xl\">Eddy Brisky: \"Notes biographiques\"<\/h2>\t\t\t\t<\/div>\n\t\t\t\t<\/div>\n\t\t\t\t\t<\/div>\n\t\t<\/div>\n\t\t\t\t<div class=\"elementor-column elementor-col-33 elementor-inner-column elementor-element elementor-element-ac524f1\" data-id=\"ac524f1\" data-element_type=\"column\" data-e-type=\"column\">\n\t\t\t<div class=\"elementor-widget-wrap elementor-element-populated\">\n\t\t\t\t\t\t<div class=\"elementor-element elementor-element-ccedce0 elementor-widget elementor-widget-image\" data-id=\"ccedce0\" data-element_type=\"widget\" data-e-type=\"widget\" data-widget_type=\"image.default\">\n\t\t\t\t<div class=\"elementor-widget-container\">\n\t\t\t\t\t\t\t\t\t\t\t\t\t\t\t<img decoding=\"async\" width=\"59\" height=\"59\" src=\"https:\/\/eddybriskyshow.com\/wp-content\/uploads\/2020\/02\/geo085.gif\" class=\"attachment-thumbnail size-thumbnail wp-image-129\" alt=\"\" \/>\t\t\t\t\t\t\t\t\t\t\t\t\t\t\t<\/div>\n\t\t\t\t<\/div>\n\t\t\t\t\t<\/div>\n\t\t<\/div>\n\t\t\t\t\t<\/div>\n\t\t<\/section>\n\t\t\t\t\t<\/div>\n\t\t<\/div>\n\t\t\t\t\t<\/div>\n\t\t<\/section>\n\t\t\t\t<section class=\"elementor-section elementor-top-section elementor-element elementor-element-5c9a2e8 elementor-section-full_width elementor-section-height-default elementor-section-height-default\" data-id=\"5c9a2e8\" data-element_type=\"section\" data-e-type=\"section\" data-settings=\"{&quot;background_background&quot;:&quot;classic&quot;}\">\n\t\t\t\t\t\t<div class=\"elementor-container elementor-column-gap-default\">\n\t\t\t\t\t<div class=\"elementor-column elementor-col-100 elementor-top-column elementor-element elementor-element-81c912f\" data-id=\"81c912f\" data-element_type=\"column\" data-e-type=\"column\" data-settings=\"{&quot;background_background&quot;:&quot;classic&quot;}\">\n\t\t\t<div class=\"elementor-widget-wrap elementor-element-populated\">\n\t\t\t\t\t\t<section class=\"elementor-section elementor-inner-section elementor-element elementor-element-d07f782 elementor-section-boxed elementor-section-height-default elementor-section-height-default\" data-id=\"d07f782\" data-element_type=\"section\" data-e-type=\"section\">\n\t\t\t\t\t\t<div class=\"elementor-container elementor-column-gap-default\">\n\t\t\t\t\t<div class=\"elementor-column elementor-col-100 elementor-inner-column elementor-element elementor-element-6b3f171\" data-id=\"6b3f171\" data-element_type=\"column\" data-e-type=\"column\">\n\t\t\t<div class=\"elementor-widget-wrap elementor-element-populated\">\n\t\t\t\t\t\t<div class=\"elementor-element elementor-element-f9ae18b elementor-widget elementor-widget-text-editor\" data-id=\"f9ae18b\" data-element_type=\"widget\" data-e-type=\"widget\" data-widget_type=\"text-editor.default\">\n\t\t\t\t<div class=\"elementor-widget-container\">\n\t\t\t\t\t\t\t\t\t<h5 style=\"text-align: left;\"><span style=\"color: #cfcfcf;\">Je suis Edoardo Brioschi mais en art je suis Eddy Brisky. Beaucoup m&#8217;appellent un clown \u00e0 cause de ma fa\u00e7on de me pr\u00e9senter et du maquillage que je porte lors de mes performances. Je veux souligner une chose; Je ne suis pas un clown! Et je le r\u00e9p\u00e8te, JE NE SUIS PAS UN CLOWN! J&#8217;adore m&#8217;appeler MAGIC MIME. C&#8217;est parce que c&#8217;est une appellation qui se rapproche le plus de ma personnalit\u00e9. En fait, l&#8217;id\u00e9e du Magic Mime est n\u00e9e parce que je voulais combiner l&#8217;art du mime avec celui du magicien. On peut alors dire que je ne suis pas un mime magique mais je suis un MIME MAGIQUE. Je le suis toujours! Parce que l&#8217;art m&#8217;accompagne depuis l&#8217;enfance. Ma m\u00e8re m&#8217;a appel\u00e9 acteur quand je suis mont\u00e9 sur une table, profitant d&#8217;un tabouret pour me montrer \u00e0 la maison. Il impr\u00e8gne chaque couche de ma personnalit\u00e9 bizarre. Pour en revenir \u00e0 mon enfance (je suis n\u00e9 \u00e0 Monza dans la province de Milan le 25 novembre 1957), en effet, exactement \u00e0 l&#8217;\u00e2ge de trois ans mon esprit artistique m&#8217;a pouss\u00e9 \u00e0 me produire sur une sc\u00e8ne devant de nombreux enfants et jeunes qui devaient consid\u00e9rer de quelle mani\u00e8re ils ont d\u00fb beaucoup rire. Depuis, l&#8217;art ne m&#8217;a plus quitt\u00e9. J&#8217;ai exerc\u00e9 mes comp\u00e9tences expressives de diff\u00e9rentes mani\u00e8res, \u00e0 la fois en tant qu&#8217;autodidacte, m\u00eame en utilisant les cabines pour les photos de passeport pour d\u00e9finir les diff\u00e9rentes expressions, et en suivant des cours de mimique, plus pr\u00e9cis\u00e9ment un cours dirig\u00e9 par Marise Flach \u00e0 l&#8217;\u00e9cole civique d&#8217;art dramatique de la Piccolo Teatro di Milano et les \u00e9coles, comme le CMI Italian Magic Club, o\u00f9 je me suis sp\u00e9cialis\u00e9 \u00e0 la fois comme mime et comme magicien.<\/span><\/h5><h5 style=\"text-align: left;\"><span style=\"color: #cfcfcf;\">Au cours de ma carri\u00e8re, j&#8217;ai jou\u00e9 dans des milliers de spectacles en Italie et \u00e0 l&#8217;\u00e9tranger. Il est \u00e9vident que je ne peux pas lister tous les lieux ou occasions o\u00f9 j&#8217;ai jou\u00e9 ici, vous trouverez tous les d\u00e9tails sur le site qui me est d\u00e9di\u00e9; www.wordpress-569144-2100811.cloudwaysapps.com Mais je peux dire que j&#8217;ai donn\u00e9 des spectacles dans &#8220;150&#8221; villes italiennes. En Europe, de nombreuses tourn\u00e9es m&#8217;ont conduit en Suisse, en France, en Allemagne, en Espagne, en Tch\u00e9coslovaquie, en Belgique et en Finlande. Sur le continent, j&#8217;ai \u00e9galement jou\u00e9 en Tha\u00eflande. J&#8217;ai \u00e9galement donn\u00e9 des spectacles sur des navires de croisi\u00e8re Ausonia. Dans certaines de ces occasions, je me suis aventur\u00e9 non seulement en tant que Magic Mime mais aussi en tant qu&#8217;acteur de th\u00e9\u00e2tre, sc\u00e9nographe, pr\u00e9sentateur, en tant qu&#8217;organisateur, animateur, cr\u00e9ateur et r\u00e9alisateur.<\/span><\/h5><h5 style=\"text-align: left;\"><span style=\"color: #cfcfcf;\">J&#8217;ai travaill\u00e9 pour la t\u00e9l\u00e9vision sur des cha\u00eenes priv\u00e9es et sur la t\u00e9l\u00e9vision nationale. Sur Rai Uno, j&#8217;ai particip\u00e9 \u00e0 24 \u00e9pisodes de l&#8217;\u00e9mission en d\u00e9but de soir\u00e9e &#8220;Fantastico&#8221;, \u00e9dition de 1987, qui a re\u00e7u le meilleur de l&#8217;ann\u00e9e en remportant le telegatto. Sur Rai Tre j&#8217;ai \u00e9t\u00e9 embauch\u00e9 pour l&#8217;\u00e9mission diffus\u00e9e tous les jours en d\u00e9but d&#8217;apr\u00e8s-midi de 80 \u00e9pisodes intitul\u00e9s &#8220;Jeans&#8221;. En plus de cela, j&#8217;ai \u00e9t\u00e9 interview\u00e9 dans divers programmes avec la participation de personnes c\u00e9l\u00e8bres telles que Marlee Matlin \u00e0 certains moments.<\/span><\/h5><h5 style=\"text-align: left;\"><span style=\"color: #cfcfcf;\">J&#8217;ai particip\u00e9 \u00e0 la fondation de la compagnie de th\u00e9\u00e2tre de mime sans paroles qui est devenue internationalement c\u00e9l\u00e8bre. En tant que seul cr\u00e9ateur, j&#8217;ai fond\u00e9 les &#8220;Jeux sans barri\u00e8res&#8221; qui se tiennent en Sicile. Une id\u00e9e qui a ensuite trouv\u00e9 l&#8217;approbation de l&#8217;organisme national des sourds de la r\u00e9gion qui a par la suite parrain\u00e9 sa poursuite dans diverses \u00e9ditions.<\/span><\/h5><h5 style=\"text-align: left;\"><span style=\"color: #cfcfcf;\">Je me suis non seulement engag\u00e9 dans des r\u00f4les li\u00e9s au monde du divertissement et de l&#8217;art, mais je me suis \u00e9galement sp\u00e9cialis\u00e9 en tant que professeur de langue des signes italienne et \u00e0 cette fin, j&#8217;ai organis\u00e9 plusieurs cours dont le but \u00e9tait d&#8217;aider les visiteurs \u00e0 acqu\u00e9rir les bases linguistiques. et les caract\u00e9ristiques culturelles qui distinguent le monde des sourds.<\/span><\/h5>\t\t\t\t\t\t\t\t<\/div>\n\t\t\t\t<\/div>\n\t\t\t\t\t<\/div>\n\t\t<\/div>\n\t\t\t\t\t<\/div>\n\t\t<\/section>\n\t\t\t\t\t<\/div>\n\t\t<\/div>\n\t\t\t\t\t<\/div>\n\t\t<\/section>\n\t\t\t\t<section class=\"elementor-section elementor-top-section elementor-element elementor-element-47b2a11 elementor-section-boxed elementor-section-height-default elementor-section-height-default\" data-id=\"47b2a11\" data-element_type=\"section\" data-e-type=\"section\" data-settings=\"{&quot;background_background&quot;:&quot;classic&quot;}\">\n\t\t\t\t\t\t<div class=\"elementor-container elementor-column-gap-default\">\n\t\t\t\t\t<div class=\"elementor-column elementor-col-100 elementor-top-column elementor-element elementor-element-f2d54ff\" data-id=\"f2d54ff\" data-element_type=\"column\" data-e-type=\"column\" data-settings=\"{&quot;background_background&quot;:&quot;classic&quot;}\">\n\t\t\t<div class=\"elementor-widget-wrap elementor-element-populated\">\n\t\t\t\t\t\t<div class=\"elementor-element elementor-element-f35bf6f elementor-widget-divider--view-line elementor-widget elementor-widget-divider\" data-id=\"f35bf6f\" data-element_type=\"widget\" data-e-type=\"widget\" data-widget_type=\"divider.default\">\n\t\t\t\t<div class=\"elementor-widget-container\">\n\t\t\t\t\t\t\t<div class=\"elementor-divider\">\n\t\t\t<span class=\"elementor-divider-separator\">\n\t\t\t\t\t\t<\/span>\n\t\t<\/div>\n\t\t\t\t\t\t<\/div>\n\t\t\t\t<\/div>\n\t\t\t\t\t<\/div>\n\t\t<\/div>\n\t\t\t\t\t<\/div>\n\t\t<\/section>\n\t\t\t\t<section class=\"elementor-section elementor-top-section elementor-element elementor-element-aaf3e48 elementor-section-boxed elementor-section-height-default elementor-section-height-default\" data-id=\"aaf3e48\" data-element_type=\"section\" data-e-type=\"section\">\n\t\t\t\t\t\t<div class=\"elementor-container elementor-column-gap-default\">\n\t\t\t\t\t<div class=\"elementor-column elementor-col-33 elementor-top-column elementor-element elementor-element-2bfa4b4\" data-id=\"2bfa4b4\" data-element_type=\"column\" data-e-type=\"column\">\n\t\t\t<div class=\"elementor-widget-wrap\">\n\t\t\t\t\t\t\t<\/div>\n\t\t<\/div>\n\t\t\t\t<div class=\"elementor-column elementor-col-33 elementor-top-column elementor-element elementor-element-6c1b07d\" data-id=\"6c1b07d\" data-element_type=\"column\" data-e-type=\"column\">\n\t\t\t<div class=\"elementor-widget-wrap elementor-element-populated\">\n\t\t\t\t\t\t<div class=\"elementor-element elementor-element-9ce6e8f elementor-widget elementor-widget-facebook-button\" data-id=\"9ce6e8f\" data-element_type=\"widget\" data-e-type=\"widget\" data-widget_type=\"facebook-button.default\">\n\t\t\t\t<div class=\"elementor-widget-container\">\n\t\t\t\t\t\t\t<div data-layout=\"button_count\" data-colorscheme=\"light\" data-size=\"large\" data-show-faces=\"false\" class=\"elementor-facebook-widget fb-like\" data-href=\"https:\/\/eddybriskyshow.com\/it\/?p=913\" data-share=\"false\" data-action=\"like\"><\/div>\n\t\t\t\t\t\t<\/div>\n\t\t\t\t<\/div>\n\t\t\t\t\t<\/div>\n\t\t<\/div>\n\t\t\t\t<div class=\"elementor-column elementor-col-33 elementor-top-column elementor-element elementor-element-5481222\" data-id=\"5481222\" data-element_type=\"column\" data-e-type=\"column\">\n\t\t\t<div class=\"elementor-widget-wrap\">\n\t\t\t\t\t\t\t<\/div>\n\t\t<\/div>\n\t\t\t\t\t<\/div>\n\t\t<\/section>\n\t\t\t\t<section class=\"elementor-section elementor-top-section elementor-element elementor-element-252a3d9 elementor-section-boxed elementor-section-height-default elementor-section-height-default\" data-id=\"252a3d9\" data-element_type=\"section\" data-e-type=\"section\">\n\t\t\t\t\t\t<div class=\"elementor-container elementor-column-gap-default\">\n\t\t\t\t\t<div class=\"elementor-column elementor-col-100 elementor-top-column elementor-element elementor-element-e30e1af\" data-id=\"e30e1af\" data-element_type=\"column\" data-e-type=\"column\">\n\t\t\t<div class=\"elementor-widget-wrap\">\n\t\t\t\t\t\t\t<\/div>\n\t\t<\/div>\n\t\t\t\t\t<\/div>\n\t\t<\/section>\n\t\t\t\t<section class=\"elementor-section elementor-top-section elementor-element elementor-element-1340fb5 elementor-section-boxed elementor-section-height-default elementor-section-height-default\" data-id=\"1340fb5\" data-element_type=\"section\" data-e-type=\"section\">\n\t\t\t\t\t\t<div class=\"elementor-container elementor-column-gap-default\">\n\t\t\t\t\t<div class=\"elementor-column elementor-col-33 elementor-top-column elementor-element elementor-element-010e464\" data-id=\"010e464\" data-element_type=\"column\" data-e-type=\"column\">\n\t\t\t<div class=\"elementor-widget-wrap\">\n\t\t\t\t\t\t\t<\/div>\n\t\t<\/div>\n\t\t\t\t<div class=\"elementor-column elementor-col-33 elementor-top-column elementor-element elementor-element-535d828\" data-id=\"535d828\" data-element_type=\"column\" data-e-type=\"column\">\n\t\t\t<div class=\"elementor-widget-wrap elementor-element-populated\">\n\t\t\t\t\t\t<div class=\"elementor-element elementor-element-bffe6fb elementor-view-stacked elementor-shape-square elementor-widget elementor-widget-icon\" data-id=\"bffe6fb\" data-element_type=\"widget\" data-e-type=\"widget\" data-widget_type=\"icon.default\">\n\t\t\t\t<div class=\"elementor-widget-container\">\n\t\t\t\t\t\t\t<div class=\"elementor-icon-wrapper\">\n\t\t\t<a class=\"elementor-icon\" href=\"https:\/\/www.facebook.com\/eddybriskyshow\" target=\"_blank\" rel=\"noopener\">\n\t\t\t<i aria-hidden=\"true\" class=\"fab fa-facebook-square\"><\/i>\t\t\t<\/a>\n\t\t<\/div>\n\t\t\t\t\t\t<\/div>\n\t\t\t\t<\/div>\n\t\t\t\t\t<\/div>\n\t\t<\/div>\n\t\t\t\t<div class=\"elementor-column elementor-col-33 elementor-top-column elementor-element elementor-element-b88fadd\" data-id=\"b88fadd\" data-element_type=\"column\" data-e-type=\"column\">\n\t\t\t<div class=\"elementor-widget-wrap\">\n\t\t\t\t\t\t\t<\/div>\n\t\t<\/div>\n\t\t\t\t\t<\/div>\n\t\t<\/section>\n\t\t\t\t<\/div>\n\t\t","protected":false},"excerpt":{"rendered":"<p>Biographie Eddy Brisky: &#8220;Notes biographiques&#8221; Je suis Edoardo Brioschi mais en art je suis Eddy Brisky. Beaucoup m&#8217;appellent un clown \u00e0 cause de ma fa\u00e7on de me pr\u00e9senter et du maquillage que je porte lors de mes performances. Je veux souligner une chose; Je ne suis pas un clown! Et je le r\u00e9p\u00e8te, JE NE [&hellip;]<\/p>\n<div class=\"pvc_clear\"><\/div>\n<p id=\"pvc_stats_913\" class=\"pvc_stats all  \" data-element-id=\"913\" style=\"\"><i class=\"pvc-stats-icon large\" aria-hidden=\"true\"><svg xmlns=\"http:\/\/www.w3.org\/2000\/svg\" version=\"1.0\" viewBox=\"0 0 502 315\" preserveAspectRatio=\"xMidYMid meet\"><g transform=\"translate(0,332) scale(0.1,-0.1)\" fill=\"\" stroke=\"none\"><path d=\"M2394 3279 l-29 -30 -3 -207 c-2 -182 0 -211 15 -242 39 -76 157 -76 196 0 15 31 17 60 15 243 l-3 209 -33 29 c-26 23 -41 29 -80 29 -41 0 -53 -5 -78 -31z\"\/><path d=\"M3085 3251 c-45 -19 -58 -50 -96 -229 -47 -217 -49 -260 -13 -295 52 -53 146 -42 177 20 16 31 87 366 87 410 0 70 -86 122 -155 94z\"\/><path d=\"M1751 3234 c-13 -9 -29 -31 -37 -50 -12 -29 -10 -49 21 -204 19 -94 39 -189 45 -210 14 -50 54 -80 110 -80 34 0 48 6 76 34 21 21 34 44 34 59 0 14 -18 113 -40 219 -37 178 -43 195 -70 221 -36 32 -101 37 -139 11z\"\/><path d=\"M1163 3073 c-36 -7 -73 -59 -73 -102 0 -56 133 -378 171 -413 34 -32 83 -37 129 -13 70 36 67 87 -16 290 -86 209 -89 214 -129 231 -35 14 -42 15 -82 7z\"\/><path d=\"M3689 3066 c-15 -9 -33 -30 -42 -48 -48 -103 -147 -355 -147 -375 0 -98 131 -148 192 -74 13 15 57 108 97 206 80 196 84 226 37 273 -30 30 -99 39 -137 18z\"\/><path d=\"M583 2784 c-38 -19 -67 -74 -58 -113 9 -42 211 -354 242 -373 16 -10 45 -18 66 -18 51 0 107 52 107 100 0 39 -1 41 -124 234 -80 126 -108 162 -133 173 -41 17 -61 16 -100 -3z\"\/><path d=\"M4250 2784 c-14 -9 -74 -91 -133 -183 -95 -150 -107 -173 -107 -213 0 -55 33 -94 87 -104 67 -13 90 8 211 198 130 202 137 225 78 284 -27 27 -42 34 -72 34 -22 0 -50 -8 -64 -16z\"\/><path d=\"M2275 2693 c-553 -48 -1095 -270 -1585 -649 -135 -104 -459 -423 -483 -476 -23 -49 -22 -139 2 -186 73 -142 361 -457 571 -626 285 -228 642 -407 990 -497 242 -63 336 -73 660 -74 310 0 370 5 595 52 535 111 1045 392 1455 803 122 121 250 273 275 326 19 41 19 137 0 174 -41 79 -309 363 -465 492 -447 370 -946 591 -1479 653 -113 14 -422 18 -536 8z m395 -428 c171 -34 330 -124 456 -258 112 -119 167 -219 211 -378 27 -96 24 -300 -5 -401 -72 -255 -236 -447 -474 -557 -132 -62 -201 -76 -368 -76 -167 0 -236 14 -368 76 -213 98 -373 271 -451 485 -162 444 86 934 547 1084 153 49 292 57 452 25z m909 -232 c222 -123 408 -262 593 -441 76 -74 138 -139 138 -144 0 -16 -233 -242 -330 -319 -155 -123 -309 -223 -461 -299 l-81 -41 32 46 c18 26 49 83 70 128 143 306 141 649 -6 957 -25 52 -61 116 -79 142 l-34 47 45 -20 c26 -10 76 -36 113 -56z m-2057 25 c-40 -58 -105 -190 -130 -263 -110 -324 -59 -707 132 -981 25 -35 42 -64 37 -64 -19 0 -241 119 -326 174 -188 122 -406 314 -532 468 l-58 71 108 103 c185 178 428 349 672 473 66 33 121 60 123 61 2 0 -10 -19 -26 -42z\"\/><path d=\"M2375 1950 c-198 -44 -350 -190 -395 -379 -18 -76 -8 -221 19 -290 114 -284 457 -406 731 -260 98 52 188 154 231 260 27 69 37 214 19 290 -38 163 -166 304 -326 360 -67 23 -215 33 -279 19z\"\/><\/g><\/svg><\/i> <img decoding=\"async\" width=\"16\" height=\"16\" alt=\"Loading\" src=\"https:\/\/eddybriskyshow.com\/wp-content\/plugins\/page-views-count\/ajax-loader-2x.gif\" border=0 \/><\/p>\n<div class=\"pvc_clear\"><\/div>\n","protected":false},"author":2,"featured_media":0,"parent":0,"menu_order":0,"comment_status":"closed","ping_status":"closed","template":"","meta":{"footnotes":""},"hf_cat_page":[],"class_list":["post-913","page","type-page","status-publish","hentry"],"_links":{"self":[{"href":"https:\/\/eddybriskyshow.com\/it\/wp-json\/wp\/v2\/pages\/913","targetHints":{"allow":["GET"]}}],"collection":[{"href":"https:\/\/eddybriskyshow.com\/it\/wp-json\/wp\/v2\/pages"}],"about":[{"href":"https:\/\/eddybriskyshow.com\/it\/wp-json\/wp\/v2\/types\/page"}],"author":[{"embeddable":true,"href":"https:\/\/eddybriskyshow.com\/it\/wp-json\/wp\/v2\/users\/2"}],"replies":[{"embeddable":true,"href":"https:\/\/eddybriskyshow.com\/it\/wp-json\/wp\/v2\/comments?post=913"}],"version-history":[{"count":0,"href":"https:\/\/eddybriskyshow.com\/it\/wp-json\/wp\/v2\/pages\/913\/revisions"}],"wp:attachment":[{"href":"https:\/\/eddybriskyshow.com\/it\/wp-json\/wp\/v2\/media?parent=913"}],"wp:term":[{"taxonomy":"hf_cat_page","embeddable":true,"href":"https:\/\/eddybriskyshow.com\/it\/wp-json\/wp\/v2\/hf_cat_page?post=913"}],"curies":[{"name":"wp","href":"https:\/\/api.w.org\/{rel}","templated":true}]}}